{"id":6229,"date":"2021-08-20T12:23:50","date_gmt":"2021-08-20T12:23:50","guid":{"rendered":"https:\/\/hidromeknederland.nl\/?page_id=6229"},"modified":"2024-07-17T04:29:16","modified_gmt":"2024-07-17T04:29:16","slug":"productie-en-rd","status":"publish","type":"page","link":"https:\/\/hidromeknederland.nl\/?page_id=6229","title":{"rendered":"PRODUCTIE EN R&#038;D"},"content":{"rendered":"<p><div class=\"fusion-fullwidth fullwidth-box fusion-builder-row-1 fusion-flex-container nonhundred-percent-fullwidth non-hundred-percent-height-scrolling\" style=\"background-color: #ffffff;background-position: center center;background-repeat: no-repeat;border-width: 0px 0px 0px 0px;border-color:#eae9e9;border-style:solid;\" ><div class=\"fusion-builder-row fusion-row fusion-flex-align-items-flex-start\" style=\"max-width:1560;margin-left: calc(-4% \/ 2 );margin-right: calc(-4% \/ 2 );\"><div class=\"fusion-layout-column fusion_builder_column fusion-builder-column-0 fusion_builder_column_1_5 1_5 fusion-flex-column\"><div class=\"fusion-column-wrapper fusion-flex-justify-content-flex-start fusion-content-layout-column\" style=\"background-position:left top;background-repeat:no-repeat;-webkit-background-size:cover;-moz-background-size:cover;-o-background-size:cover;background-size:cover;padding: 0px 0px 0px 0px;\"><\/div><style type=\"text\/css\">.fusion-body .fusion-builder-column-0{width:20% !important;margin-top : 0px;margin-bottom : 20px;}.fusion-builder-column-0 > .fusion-column-wrapper {padding-top : 0px !important;padding-right : 0px !important;margin-right : 9.6%;padding-bottom : 0px !important;padding-left : 0px !important;margin-left : 9.6%;}@media only screen and (max-width:1024px) {.fusion-body .fusion-builder-column-0{width:20% !important;}.fusion-builder-column-0 > .fusion-column-wrapper {margin-right : 9.6%;margin-left : 9.6%;}}@media only screen and (max-width:640px) {.fusion-body .fusion-builder-column-0{width:100% !important;}.fusion-builder-column-0 > .fusion-column-wrapper {margin-right : 1.92%;margin-left : 1.92%;}}<\/style><\/div><div class=\"fusion-layout-column fusion_builder_column fusion-builder-column-1 fusion_builder_column_4_5 4_5 fusion-flex-column\"><div class=\"fusion-column-wrapper fusion-flex-justify-content-flex-start fusion-content-layout-column\" style=\"background-position:left top;background-repeat:no-repeat;-webkit-background-size:cover;-moz-background-size:cover;-o-background-size:cover;background-size:cover;padding: 0px 0px 0px 0px;\"><div class=\"fusion-separator fusion-full-width-sep\" style=\"align-self: center;margin-left: auto;margin-right: auto;margin-top:25px;margin-bottom:25px;width:100%;\"><\/div><div class=\"fusion-text fusion-text-1\"><div id=\"tw-target-text-container\" class=\"tw-ta-container F0azHf tw-nfl\" tabindex=\"0\">\n<h3 class=\"tw-data-text tw-text-large XcVN5d tw-ta\" dir=\"ltr\" data-placeholder=\"Vertaling\"><span class=\"Y2IQFc\" lang=\"nl\">Productie Technologie<\/span><\/h3>\n<h5><img decoding=\"async\" class=\"size-full wp-image-6235 alignright\" src=\"https:\/\/hidromeknederland.nl\/wp-content\/uploads\/2021\/08\/arge.png\" alt=\"\" width=\"350\" height=\"293\" srcset=\"https:\/\/hidromeknederland.nl\/wp-content\/uploads\/2021\/08\/arge-200x167.png 200w, https:\/\/hidromeknederland.nl\/wp-content\/uploads\/2021\/08\/arge-300x251.png 300w, https:\/\/hidromeknederland.nl\/wp-content\/uploads\/2021\/08\/arge.png 350w\" sizes=\"(max-width: 350px) 100vw, 350px\" \/>De productietechnologie van H\u0130DROMEK wordt voortdurend bijgewerkt in overeenstemming met de nieuwste ontwikkelingen in de branche. Alle componenten worden geproduceerd in overeenstemming met ontwerp- en kwaliteitseisen. In alle procedures wordt de overeenstemming van de materiaalstructuur met de ontwerpvereisten bevestigd. Met de nieuwste verwerkingshandeling die minutieus is uitgevoerd, worden alle onderdelen goed voorbereid voor de montage en worden ze klaargemaakt voor de assemblagelijn nadat ze volledig in overeenstemming zijn met het verwante project. Geassembleerde componenten worden gecontroleerd door middel van slijtagetests door de werkelijke bedrijfsomstandigheden te simuleren. Producten worden getest onder verschillende werkomstandigheden, met verschillende hulpstukken en door verschillende operators; na al die stappen zijn ze klaar om de eindgebruikers te ontmoeten. Industrieel ontwerp H\u0130DROMEK Design Studio wordt gestimuleerd door de ervaring en dynamiek van H\u0130DROMEK en ontwerpt innovatieve H\u0130DROMEK-producten die een strategische waarde cre\u00ebren. Klantverwachtingen en marktbewegingen vormen de gebruikersgerichte ontwerpaanpak van onze ontwerpstudio. De basis van deze aanpak is de bedoeling om een \u200b\u200boptimale werkomgeving te cre\u00ebren voor H\u0130DROMEK operators. Het doel van het gebruik van het fenomeen &#8220;H\u0130DROMEK-operator&#8221; is om H\u0130DROMEK-operators op een specialer niveau te positioneren dan de operators van andere machines en om hen meer bevoorrecht te laten voelen bij het bedienen van H\u0130DROMEK-machines.<\/h5>\n<h5>R&amp;D<br \/>\nOp 04.04.2014, in het kader van de R&amp;D-wet nr. 5746, verkreeg H\u0130DROMEK&#8217;s Technologie- en R&amp;D-centrum het recht om het 157e R&amp;D-centrum van ons land te worden na te zijn ge\u00efnspecteerd door het Ministerie van Wetenschap, Industrie en Technologie van de Republiek Turkije. H\u0130DROMEK R&amp;D Center geeft prioriteit aan samenwerkingen met de universiteiten en de industrie. In het kader van deze samenwerkingen dragen we niet alleen bij aan de wetenschappelijke wereld, maar doen we ook innovaties in de bouwmachinesindustrie. Uitgevoerde onderzoeken bestrijken veel verschillende gebieden van engineering en ontwerp, zoals sterkte, geluid, trillingen, hydraulisch, mechanisch en industrieel ontwerp.<\/h5>\n<\/div>\n<pre id=\"tw-target-rmn\" class=\"tw-data-placeholder tw-text-small tw-ta\" dir=\"ltr\" data-placeholder=\"\"><\/pre>\n<div class=\"dlJLJe\">\n<div data-cviv=\"false\" data-ved=\"2ahUKEwjrwIefyb_yAhUYhP0HHR9MDYgQz_AEMAB6BAgCEA4\"><\/div>\n<\/div>\n<div id=\"footcnt\">\n<div id=\"fbarcnt\" class=\"TCIIWe\">\n<div id=\"fbar\" class=\"f6F9Be TrMVnc mSAqxd\">\n<h5 class=\"fbar\"><\/h5>\n<\/div>\n<\/div>\n<\/div>\n<\/div><div ><span class=\" fusion-imageframe imageframe-none imageframe-1 hover-type-none\"><img decoding=\"async\" width=\"2560\" height=\"770\" title=\"grader-eskiz\" src=\"https:\/\/hidromeknederland.nl\/wp-content\/uploads\/2021\/08\/grader-eskiz-scaled.jpg\" alt class=\"img-responsive wp-image-6230\" srcset=\"https:\/\/hidromeknederland.nl\/wp-content\/uploads\/2021\/08\/grader-eskiz-200x60.jpg 200w, https:\/\/hidromeknederland.nl\/wp-content\/uploads\/2021\/08\/grader-eskiz-400x120.jpg 400w, https:\/\/hidromeknederland.nl\/wp-content\/uploads\/2021\/08\/grader-eskiz-600x181.jpg 600w, https:\/\/hidromeknederland.nl\/wp-content\/uploads\/2021\/08\/grader-eskiz-800x241.jpg 800w, https:\/\/hidromeknederland.nl\/wp-content\/uploads\/2021\/08\/grader-eskiz-1200x361.jpg 1200w, https:\/\/hidromeknederland.nl\/wp-content\/uploads\/2021\/08\/grader-eskiz-scaled.jpg 2560w\" sizes=\"(max-width: 640px) 100vw, 1200px\" \/><\/span><\/div><div class=\"fusion-text fusion-text-2\"><div id=\"tw-target-text-container\" class=\"tw-ta-container F0azHf tw-nfl\" tabindex=\"0\">\n<h5 id=\"tw-target-text\" class=\"tw-data-text tw-text-large XcVN5d tw-ta\" dir=\"ltr\" data-placeholder=\"Vertaling\"><span class=\"Y2IQFc\" lang=\"nl\">We voeren ook door T\u00dcB\u0130TAK\u2013&amp;TEYDEB ondersteunde projecten uit binnen ons R&amp;D-centrum. Maakbaarheid, verbetering van de productietijd door ontwerp, ontwerpen van matrijsapparatuur, onderzoeken die bedoeld zijn om de productkwaliteit en technologie te verbeteren, maken allemaal deel uit van R&amp;D-activiteiten. H\u0130DROMEK cre\u00ebert zijn eigen unieke ontwerpen en bezit vele patenten, gebruiksmodellen en industri\u00eble ontwerpregistraties. Voor H\u0130DROMEK is R&amp;D de belangrijkste stap om het bedrijf verder te brengen. Binnen dit kader vormen alle uitgevoerde onderzoeken met de bedoeling het bekende te verbeteren en het onbekende te ontdekken de infrastructuur en strategie\u00ebn van ons R&amp;D-centrum.<\/span><\/h5>\n<\/div>\n<div id=\"tw-target-rmn-container\" class=\"tw-target-rmn tw-ta-container F0azHf tw-nfl\">\n<pre id=\"tw-target-rmn\" class=\"tw-data-placeholder tw-text-small tw-ta\" dir=\"ltr\" data-placeholder=\"\"><\/pre>\n<\/div>\n<\/div><\/div><style type=\"text\/css\">.fusion-body .fusion-builder-column-1{width:80% !important;margin-top : 0px;margin-bottom : 20px;}.fusion-builder-column-1 > .fusion-column-wrapper {padding-top : 0px !important;padding-right : 0px !important;margin-right : 2.4%;padding-bottom : 0px !important;padding-left : 0px !important;margin-left : 2.4%;}@media only screen and (max-width:1024px) {.fusion-body .fusion-builder-column-1{width:80% !important;}.fusion-builder-column-1 > .fusion-column-wrapper {margin-right : 2.4%;margin-left : 2.4%;}}@media only screen and (max-width:640px) {.fusion-body .fusion-builder-column-1{width:100% !important;}.fusion-builder-column-1 > .fusion-column-wrapper {margin-right : 1.92%;margin-left : 1.92%;}}<\/style><\/div><\/div><style type=\"text\/css\">.fusion-body .fusion-flex-container.fusion-builder-row-1{ padding-top : 0px;margin-top : 0px;padding-right : 0px;padding-bottom : 0px;margin-bottom : 0px;padding-left : 0px;}<\/style><\/div><div class=\"fusion-fullwidth fullwidth-box fusion-builder-row-2 fusion-flex-container nonhundred-percent-fullwidth non-hundred-percent-height-scrolling\" style=\"background-color: #ffffff;background-position: center center;background-repeat: no-repeat;border-width: 0px 0px 0px 0px;border-color:#eae9e9;border-style:solid;\" ><div class=\"fusion-builder-row fusion-row fusion-flex-align-items-flex-start\" style=\"max-width:1560;margin-left: calc(-4% \/ 2 );margin-right: calc(-4% \/ 2 );\"><div class=\"fusion-layout-column fusion_builder_column fusion-builder-column-2 fusion_builder_column_1_1 1_1 fusion-flex-column\"><div class=\"fusion-column-wrapper fusion-flex-justify-content-flex-start fusion-content-layout-column\" style=\"background-position:left top;background-repeat:no-repeat;-webkit-background-size:cover;-moz-background-size:cover;-o-background-size:cover;background-size:cover;padding: 0px 0px 0px 0px;\"><div class=\"fusion-separator fusion-full-width-sep\" style=\"align-self: center;margin-left: auto;margin-right: auto;margin-top:15px;margin-bottom:15px;width:100%;\"><\/div><div class=\"fusion-separator fusion-full-width-sep\" style=\"align-self: center;margin-left: auto;margin-right: auto;width:100%;\"><div class=\"fusion-separator-border sep-single sep-solid\" style=\"border-color:#475770;border-top-width:3px;\"><\/div><\/div><div class=\"fusion-text fusion-text-3\"><div class=\"fusion-title title fusion-title-6 fusion-title-center fusion-title-text fusion-title-size-two\">\n<h2 class=\"title-heading-center fusion-responsive-typography-calculated\" data-fontsize=\"18\" style=\"--fontSize:18; line-height: 1.2; --minFontSize:18;\" data-lineheight=\"21.6px\"><strong>Meer weten?<\/strong><\/h2>\n<div class=\"title-sep-container title-sep-container-right\">\n<div class=\"title-sep sep-\"> <\/div>\n<\/div>\n<\/div>\n<div class=\"fusion-text\"> <\/div>\n<div class=\"fusion-text\">\n<p>Bent u ge\u00efnteresseerd in onze producten of wilt u meer informatie over onze diensten? Aarzel niet om contact op te nemen met onze <a href=\"https:\/\/hidromeknederland.nl\/contact\/\">klantenservice<\/a>. Wij staan klaar om u te assisteren met al uw vragen.<\/p>\n<p><strong>Telefoon: 0181 68 72 52<\/strong><br \/><strong>E-mail: <a href=\"mailto:Info@hoftechniek.nl\">Info@hoftechniek.nl<\/a><\/strong><\/p>\n<\/div>\n<\/div><\/div><style type=\"text\/css\">.fusion-body .fusion-builder-column-2{width:100% !important;margin-top : 0px;margin-bottom : 20px;}.fusion-builder-column-2 > .fusion-column-wrapper {padding-top : 0px !important;padding-right : 0px !important;margin-right : 1.92%;padding-bottom : 0px !important;padding-left : 0px !important;margin-left : 1.92%;}@media only screen and (max-width:1024px) {.fusion-body .fusion-builder-column-2{width:100% !important;order : 0;}.fusion-builder-column-2 > .fusion-column-wrapper {margin-right : 1.92%;margin-left : 1.92%;}}@media only screen and (max-width:640px) {.fusion-body .fusion-builder-column-2{width:100% !important;order : 0;}.fusion-builder-column-2 > .fusion-column-wrapper {margin-right : 1.92%;margin-left : 1.92%;}}<\/style><\/div><\/div><style type=\"text\/css\">.fusion-body .fusion-flex-container.fusion-builder-row-2{ padding-top : 0px;margin-top : 0px;padding-right : 0px;padding-bottom : 0px;margin-bottom : 0px;padding-left : 0px;}<\/style><\/div><\/p>\n","protected":false},"excerpt":{"rendered":"","protected":false},"author":1,"featured_media":0,"parent":0,"menu_order":0,"comment_status":"closed","ping_status":"closed","template":"","meta":{"footnotes":""},"class_list":["post-6229","page","type-page","status-publish","hentry"],"_links":{"self":[{"href":"https:\/\/hidromeknederland.nl\/index.php?rest_route=\/wp\/v2\/pages\/6229","targetHints":{"allow":["GET"]}}],"collection":[{"href":"https:\/\/hidromeknederland.nl\/index.php?rest_route=\/wp\/v2\/pages"}],"about":[{"href":"https:\/\/hidromeknederland.nl\/index.php?rest_route=\/wp\/v2\/types\/page"}],"author":[{"embeddable":true,"href":"https:\/\/hidromeknederland.nl\/index.php?rest_route=\/wp\/v2\/users\/1"}],"replies":[{"embeddable":true,"href":"https:\/\/hidromeknederland.nl\/index.php?rest_route=%2Fwp%2Fv2%2Fcomments&post=6229"}],"version-history":[{"count":0,"href":"https:\/\/hidromeknederland.nl\/index.php?rest_route=\/wp\/v2\/pages\/6229\/revisions"}],"wp:attachment":[{"href":"https:\/\/hidromeknederland.nl\/index.php?rest_route=%2Fwp%2Fv2%2Fmedia&parent=6229"}],"curies":[{"name":"wp","href":"https:\/\/api.w.org\/{rel}","templated":true}]}}